{"id":536,"date":"2020-03-03T14:19:58","date_gmt":"2020-03-03T13:19:58","guid":{"rendered":"https:\/\/beka-events.de\/?page_id=536"},"modified":"2020-03-03T14:42:36","modified_gmt":"2020-03-03T13:42:36","slug":"private-events-2","status":"publish","type":"page","link":"https:\/\/beka-events.de\/index.php\/private-events-2\/","title":{"rendered":"Private Events"},"content":{"rendered":"\t\t<div data-elementor-type=\"wp-page\" data-elementor-id=\"536\" class=\"elementor elementor-536\">\n\t\t\t\t\t\t<section class=\"elementor-section elementor-top-section elementor-element elementor-element-5599881c elementor-section-boxed elementor-section-height-default elementor-section-height-default\" data-id=\"5599881c\" data-element_type=\"section\">\n\t\t\t\t\t\t<div class=\"elementor-container elementor-column-gap-default\">\n\t\t\t\t\t<div class=\"elementor-column elementor-col-100 elementor-top-column elementor-element elementor-element-4c957c88\" data-id=\"4c957c88\" data-element_type=\"column\">\n\t\t\t<div class=\"elementor-widget-wrap elementor-element-populated\">\n\t\t\t\t\t\t<div class=\"elementor-element elementor-element-a7357d4 elementor-widget elementor-widget-heading\" data-id=\"a7357d4\" data-element_type=\"widget\" data-widget_type=\"heading.default\">\n\t\t\t\t<div class=\"elementor-widget-container\">\n\t\t\t<h2 class=\"elementor-heading-title elementor-size-default\">Feiern im Kreise Ihrer Liebsten..<\/h2>\t\t<\/div>\n\t\t\t\t<\/div>\n\t\t\t\t\t<\/div>\n\t\t<\/div>\n\t\t\t\t\t<\/div>\n\t\t<\/section>\n\t\t\t\t<section class=\"elementor-section elementor-top-section elementor-element elementor-element-3c97ab1 elementor-section-boxed elementor-section-height-default elementor-section-height-default\" data-id=\"3c97ab1\" data-element_type=\"section\">\n\t\t\t\t\t\t<div class=\"elementor-container elementor-column-gap-default\">\n\t\t\t\t\t<div class=\"elementor-column elementor-col-100 elementor-top-column elementor-element elementor-element-e2d2743\" data-id=\"e2d2743\" data-element_type=\"column\">\n\t\t\t<div class=\"elementor-widget-wrap elementor-element-populated\">\n\t\t\t\t\t\t<div class=\"elementor-element elementor-element-2e99e22 elementor-widget elementor-widget-spacer\" data-id=\"2e99e22\" data-element_type=\"widget\" data-widget_type=\"spacer.default\">\n\t\t\t\t<div class=\"elementor-widget-container\">\n\t\t\t\t\t<div class=\"elementor-spacer\">\n\t\t\t<div class=\"elementor-spacer-inner\"><\/div>\n\t\t<\/div>\n\t\t\t\t<\/div>\n\t\t\t\t<\/div>\n\t\t\t\t\t<\/div>\n\t\t<\/div>\n\t\t\t\t\t<\/div>\n\t\t<\/section>\n\t\t\t\t<section class=\"elementor-section elementor-top-section elementor-element elementor-element-dc0892b elementor-section-boxed elementor-section-height-default elementor-section-height-default\" data-id=\"dc0892b\" data-element_type=\"section\" data-settings=\"{&quot;background_background&quot;:&quot;classic&quot;}\">\n\t\t\t\t\t\t<div class=\"elementor-container elementor-column-gap-default\">\n\t\t\t\t\t<div class=\"elementor-column elementor-col-100 elementor-top-column elementor-element elementor-element-5396254\" data-id=\"5396254\" data-element_type=\"column\">\n\t\t\t<div class=\"elementor-widget-wrap elementor-element-populated\">\n\t\t\t\t\t\t<div class=\"elementor-element elementor-element-d6afc19 elementor-widget elementor-widget-heading\" data-id=\"d6afc19\" data-element_type=\"widget\" data-widget_type=\"heading.default\">\n\t\t\t\t<div class=\"elementor-widget-container\">\n\t\t\t<h2 class=\"elementor-heading-title elementor-size-default\">Geburtstage<\/h2>\t\t<\/div>\n\t\t\t\t<\/div>\n\t\t\t\t\t<\/div>\n\t\t<\/div>\n\t\t\t\t\t<\/div>\n\t\t<\/section>\n\t\t\t\t<section class=\"elementor-section elementor-top-section elementor-element elementor-element-0c9bfe9 elementor-section-boxed elementor-section-height-default elementor-section-height-default\" data-id=\"0c9bfe9\" data-element_type=\"section\">\n\t\t\t\t\t\t<div class=\"elementor-container elementor-column-gap-default\">\n\t\t\t\t\t<div class=\"elementor-column elementor-col-100 elementor-top-column elementor-element elementor-element-7c2a423\" data-id=\"7c2a423\" data-element_type=\"column\">\n\t\t\t<div class=\"elementor-widget-wrap elementor-element-populated\">\n\t\t\t\t\t\t<div class=\"elementor-element elementor-element-1dd5f56 elementor-widget elementor-widget-image\" data-id=\"1dd5f56\" data-element_type=\"widget\" data-widget_type=\"image.default\">\n\t\t\t\t<div class=\"elementor-widget-container\">\n\t\t\t\t\t\t\t\t\t\t\t\t\t<img fetchpriority=\"high\" decoding=\"async\" width=\"750\" height=\"500\" src=\"https:\/\/beka-events.de\/wp-content\/uploads\/2020\/03\/surprise-birthday-party-E6NS9K7-1-1024x683.jpg\" class=\"attachment-large size-large wp-image-520\" alt=\"\" srcset=\"https:\/\/beka-events.de\/wp-content\/uploads\/2020\/03\/surprise-birthday-party-E6NS9K7-1-1024x683.jpg 1024w, https:\/\/beka-events.de\/wp-content\/uploads\/2020\/03\/surprise-birthday-party-E6NS9K7-1-300x200.jpg 300w, https:\/\/beka-events.de\/wp-content\/uploads\/2020\/03\/surprise-birthday-party-E6NS9K7-1-768x512.jpg 768w, https:\/\/beka-events.de\/wp-content\/uploads\/2020\/03\/surprise-birthday-party-E6NS9K7-1-1536x1024.jpg 1536w\" sizes=\"(max-width: 750px) 100vw, 750px\" \/>\t\t\t\t\t\t\t\t\t\t\t\t\t<\/div>\n\t\t\t\t<\/div>\n\t\t\t\t\t<\/div>\n\t\t<\/div>\n\t\t\t\t\t<\/div>\n\t\t<\/section>\n\t\t\t\t<section class=\"elementor-section elementor-top-section elementor-element elementor-element-d469116 elementor-section-boxed elementor-section-height-default elementor-section-height-default\" data-id=\"d469116\" data-element_type=\"section\" data-settings=\"{&quot;background_background&quot;:&quot;classic&quot;}\">\n\t\t\t\t\t\t<div class=\"elementor-container elementor-column-gap-default\">\n\t\t\t\t\t<div class=\"elementor-column elementor-col-100 elementor-top-column elementor-element elementor-element-d4801a9\" data-id=\"d4801a9\" data-element_type=\"column\">\n\t\t\t<div class=\"elementor-widget-wrap elementor-element-populated\">\n\t\t\t\t\t\t<div class=\"elementor-element elementor-element-6fa2f42 elementor-widget elementor-widget-text-editor\" data-id=\"6fa2f42\" data-element_type=\"widget\" data-widget_type=\"text-editor.default\">\n\t\t\t\t<div class=\"elementor-widget-container\">\n\t\t\t\t\t\t\t<p>Feiern Sie Ihren Geburtstag mit uns. Passend zu Ihrer Location und der Anzahl an geladenen G\u00e4sten, machen wir Ihnen gerne ein unverbindliches Angebot. Neben der passenden Technik, stellen wir Ihnen gerne den passenden DJ. Wenn gew\u00fcnscht, unterst\u00fctzen wir Sie zudem, bei der Suche nach Thekenpersonal oder leckerem Catering.<\/p>\n<p>Vom 18.- bis zum 70. Geburtstag, finden Sie mit uns den passenden Ansprechpartner.<\/p>\n<p><\/p>\t\t\t\t\t\t<\/div>\n\t\t\t\t<\/div>\n\t\t\t\t<div class=\"elementor-element elementor-element-3a1b8b1 elementor-align-center elementor-widget elementor-widget-button\" data-id=\"3a1b8b1\" data-element_type=\"widget\" data-widget_type=\"button.default\">\n\t\t\t\t<div class=\"elementor-widget-container\">\n\t\t\t\t\t\t\t<div class=\"elementor-button-wrapper\">\n\t\t\t\t\t<a class=\"elementor-button elementor-button-link elementor-size-sm\" href=\"https:\/\/bekatest.bosseotteholding.de\/staging\/index.php\/unverbindlich-anfragen\/\">\n\t\t\t\t\t\t<span class=\"elementor-button-content-wrapper\">\n\t\t\t\t\t\t\t\t\t<span class=\"elementor-button-text\">unverbindlich Anfragen<\/span>\n\t\t\t\t\t<\/span>\n\t\t\t\t\t<\/a>\n\t\t\t\t<\/div>\n\t\t\t\t\t\t<\/div>\n\t\t\t\t<\/div>\n\t\t\t\t\t<\/div>\n\t\t<\/div>\n\t\t\t\t\t<\/div>\n\t\t<\/section>\n\t\t\t\t<section class=\"elementor-section elementor-top-section elementor-element elementor-element-3413933 elementor-section-boxed elementor-section-height-default elementor-section-height-default\" data-id=\"3413933\" data-element_type=\"section\">\n\t\t\t\t\t\t<div class=\"elementor-container elementor-column-gap-default\">\n\t\t\t\t\t<div class=\"elementor-column elementor-col-100 elementor-top-column elementor-element elementor-element-eda521b\" data-id=\"eda521b\" data-element_type=\"column\">\n\t\t\t<div class=\"elementor-widget-wrap elementor-element-populated\">\n\t\t\t\t\t\t<div class=\"elementor-element elementor-element-7cccf16 elementor-widget elementor-widget-spacer\" data-id=\"7cccf16\" data-element_type=\"widget\" data-widget_type=\"spacer.default\">\n\t\t\t\t<div class=\"elementor-widget-container\">\n\t\t\t\t\t<div class=\"elementor-spacer\">\n\t\t\t<div class=\"elementor-spacer-inner\"><\/div>\n\t\t<\/div>\n\t\t\t\t<\/div>\n\t\t\t\t<\/div>\n\t\t\t\t\t<\/div>\n\t\t<\/div>\n\t\t\t\t\t<\/div>\n\t\t<\/section>\n\t\t\t\t<section class=\"elementor-section elementor-top-section elementor-element elementor-element-294af8a elementor-section-boxed elementor-section-height-default elementor-section-height-default\" data-id=\"294af8a\" data-element_type=\"section\">\n\t\t\t\t\t\t<div class=\"elementor-container elementor-column-gap-default\">\n\t\t\t\t\t<div class=\"elementor-column elementor-col-100 elementor-top-column elementor-element elementor-element-2e6e2a3\" data-id=\"2e6e2a3\" data-element_type=\"column\">\n\t\t\t<div class=\"elementor-widget-wrap elementor-element-populated\">\n\t\t\t\t\t\t<div class=\"elementor-element elementor-element-d65a47c elementor-widget elementor-widget-heading\" data-id=\"d65a47c\" data-element_type=\"widget\" data-widget_type=\"heading.default\">\n\t\t\t\t<div class=\"elementor-widget-container\">\n\t\t\t<h2 class=\"elementor-heading-title elementor-size-default\">Hochzeiten<\/h2>\t\t<\/div>\n\t\t\t\t<\/div>\n\t\t\t\t\t<\/div>\n\t\t<\/div>\n\t\t\t\t\t<\/div>\n\t\t<\/section>\n\t\t\t\t<section class=\"elementor-section elementor-top-section elementor-element elementor-element-57db803 elementor-section-boxed elementor-section-height-default elementor-section-height-default\" data-id=\"57db803\" data-element_type=\"section\">\n\t\t\t\t\t\t<div class=\"elementor-container elementor-column-gap-default\">\n\t\t\t\t\t<div class=\"elementor-column elementor-col-100 elementor-top-column elementor-element elementor-element-616020a\" data-id=\"616020a\" data-element_type=\"column\">\n\t\t\t<div class=\"elementor-widget-wrap elementor-element-populated\">\n\t\t\t\t\t\t<div class=\"elementor-element elementor-element-a8d7595 elementor-widget elementor-widget-image\" data-id=\"a8d7595\" data-element_type=\"widget\" data-widget_type=\"image.default\">\n\t\t\t\t<div class=\"elementor-widget-container\">\n\t\t\t\t\t\t\t\t\t\t\t\t\t<img decoding=\"async\" width=\"750\" height=\"500\" src=\"https:\/\/beka-events.de\/wp-content\/uploads\/2020\/03\/wedding-couple-with-bouquet-PPTPBEQ-1024x683.jpg\" class=\"attachment-large size-large wp-image-516\" alt=\"\" srcset=\"https:\/\/beka-events.de\/wp-content\/uploads\/2020\/03\/wedding-couple-with-bouquet-PPTPBEQ-1024x683.jpg 1024w, https:\/\/beka-events.de\/wp-content\/uploads\/2020\/03\/wedding-couple-with-bouquet-PPTPBEQ-300x200.jpg 300w, https:\/\/beka-events.de\/wp-content\/uploads\/2020\/03\/wedding-couple-with-bouquet-PPTPBEQ-768x513.jpg 768w, https:\/\/beka-events.de\/wp-content\/uploads\/2020\/03\/wedding-couple-with-bouquet-PPTPBEQ-1536x1025.jpg 1536w, https:\/\/beka-events.de\/wp-content\/uploads\/2020\/03\/wedding-couple-with-bouquet-PPTPBEQ-2048x1367.jpg 2048w, https:\/\/beka-events.de\/wp-content\/uploads\/2020\/03\/wedding-couple-with-bouquet-PPTPBEQ-360x240.jpg 360w\" sizes=\"(max-width: 750px) 100vw, 750px\" \/>\t\t\t\t\t\t\t\t\t\t\t\t\t<\/div>\n\t\t\t\t<\/div>\n\t\t\t\t\t<\/div>\n\t\t<\/div>\n\t\t\t\t\t<\/div>\n\t\t<\/section>\n\t\t\t\t<section class=\"elementor-section elementor-top-section elementor-element elementor-element-a7dfafd elementor-section-boxed elementor-section-height-default elementor-section-height-default\" data-id=\"a7dfafd\" data-element_type=\"section\" data-settings=\"{&quot;background_background&quot;:&quot;classic&quot;}\">\n\t\t\t\t\t\t<div class=\"elementor-container elementor-column-gap-default\">\n\t\t\t\t\t<div class=\"elementor-column elementor-col-100 elementor-top-column elementor-element elementor-element-02b1d3b\" data-id=\"02b1d3b\" data-element_type=\"column\">\n\t\t\t<div class=\"elementor-widget-wrap elementor-element-populated\">\n\t\t\t\t\t\t<div class=\"elementor-element elementor-element-a10f6ad elementor-widget elementor-widget-text-editor\" data-id=\"a10f6ad\" data-element_type=\"widget\" data-widget_type=\"text-editor.default\">\n\t\t\t\t<div class=\"elementor-widget-container\">\n\t\t\t\t\t\t\t<p>Der wichtigste Tag im Leben. Ein Tag, an dem alles perfekt werden soll. Genau das ist uns bewusst. Aus diesem Grund legen wir besonders gro\u00dfen Wert darauf, diesen Tag mit Ihnen zu planen und nach Ihren W\u00fcnschen zu gestalten. Verlassen Sie sich auf unsere langj\u00e4hrige Erfahrung und unsere hervorragenden DJ\u00b4s.<\/p>\t\t\t\t\t\t<\/div>\n\t\t\t\t<\/div>\n\t\t\t\t<div class=\"elementor-element elementor-element-cc7a8d7 elementor-align-center elementor-widget elementor-widget-button\" data-id=\"cc7a8d7\" data-element_type=\"widget\" data-widget_type=\"button.default\">\n\t\t\t\t<div class=\"elementor-widget-container\">\n\t\t\t\t\t\t\t<div class=\"elementor-button-wrapper\">\n\t\t\t\t\t<a class=\"elementor-button elementor-button-link elementor-size-sm\" href=\"https:\/\/bekatest.bosseotteholding.de\/staging\/index.php\/unverbindlich-anfragen\/\">\n\t\t\t\t\t\t<span class=\"elementor-button-content-wrapper\">\n\t\t\t\t\t\t\t\t\t<span class=\"elementor-button-text\">unverbindlich Anfragen<\/span>\n\t\t\t\t\t<\/span>\n\t\t\t\t\t<\/a>\n\t\t\t\t<\/div>\n\t\t\t\t\t\t<\/div>\n\t\t\t\t<\/div>\n\t\t\t\t\t<\/div>\n\t\t<\/div>\n\t\t\t\t\t<\/div>\n\t\t<\/section>\n\t\t\t\t<\/div>\n\t\t","protected":false},"excerpt":{"rendered":"<p>Feiern im Kreise Ihrer Liebsten.. Geburtstage Feiern Sie Ihren Geburtstag mit uns. Passend zu Ihrer Location und der Anzahl an geladenen G\u00e4sten, machen wir Ihnen gerne ein unverbindliches Angebot. Neben der passenden Technik, stellen wir Ihnen gerne den passenden DJ. Wenn gew\u00fcnscht, unterst\u00fctzen wir Sie zudem, bei der Suche nach [&hellip;]<\/p>\n","protected":false},"author":3,"featured_media":344,"parent":0,"menu_order":0,"comment_status":"closed","ping_status":"closed","template":"","meta":{"footnotes":""},"class_list":["post-536","page","type-page","status-publish","has-post-thumbnail","hentry"],"_links":{"self":[{"href":"https:\/\/beka-events.de\/index.php\/wp-json\/wp\/v2\/pages\/536","targetHints":{"allow":["GET"]}}],"collection":[{"href":"https:\/\/beka-events.de\/index.php\/wp-json\/wp\/v2\/pages"}],"about":[{"href":"https:\/\/beka-events.de\/index.php\/wp-json\/wp\/v2\/types\/page"}],"author":[{"embeddable":true,"href":"https:\/\/beka-events.de\/index.php\/wp-json\/wp\/v2\/users\/3"}],"replies":[{"embeddable":true,"href":"https:\/\/beka-events.de\/index.php\/wp-json\/wp\/v2\/comments?post=536"}],"version-history":[{"count":7,"href":"https:\/\/beka-events.de\/index.php\/wp-json\/wp\/v2\/pages\/536\/revisions"}],"predecessor-version":[{"id":547,"href":"https:\/\/beka-events.de\/index.php\/wp-json\/wp\/v2\/pages\/536\/revisions\/547"}],"wp:featuredmedia":[{"embeddable":true,"href":"https:\/\/beka-events.de\/index.php\/wp-json\/wp\/v2\/media\/344"}],"wp:attachment":[{"href":"https:\/\/beka-events.de\/index.php\/wp-json\/wp\/v2\/media?parent=536"}],"curies":[{"name":"wp","href":"https:\/\/api.w.org\/{rel}","templated":true}]}}